{"id":13,"date":"2022-08-09T13:17:29","date_gmt":"2022-08-09T13:17:29","guid":{"rendered":"https:\/\/desocuparapido.com.br\/?page_id=13"},"modified":"2022-09-21T13:29:11","modified_gmt":"2022-09-21T13:29:11","slug":"quem-somos","status":"publish","type":"page","link":"https:\/\/desocuparapido.com.br\/?page_id=13","title":{"rendered":"Quem somos"},"content":{"rendered":"\t\t<div data-elementor-type=\"wp-page\" data-elementor-id=\"13\" class=\"elementor elementor-13\">\n\t\t\t\t\t\t\t<div class=\"elementor-element elementor-element-91f9859 e-container--column e-container\" data-id=\"91f9859\" data-element_type=\"container\" data-settings=\"{&quot;background_background&quot;:&quot;classic&quot;}\">\t\t\t\t<div class=\"elementor-element elementor-element-2d79edf elementor-widget elementor-widget-heading\" data-id=\"2d79edf\" data-element_type=\"widget\" data-widget_type=\"heading.default\">\n\t\t\t\t<div class=\"elementor-widget-container\">\n\t\t\t<style>\/*! elementor - v3.7.0 - 08-08-2022 *\/\n.elementor-heading-title{padding:0;margin:0;line-height:1}.elementor-widget-heading .elementor-heading-title[class*=elementor-size-]>a{color:inherit;font-size:inherit;line-height:inherit}.elementor-widget-heading .elementor-heading-title.elementor-size-small{font-size:15px}.elementor-widget-heading .elementor-heading-title.elementor-size-medium{font-size:19px}.elementor-widget-heading .elementor-heading-title.elementor-size-large{font-size:29px}.elementor-widget-heading .elementor-heading-title.elementor-size-xl{font-size:39px}.elementor-widget-heading .elementor-heading-title.elementor-size-xxl{font-size:59px}<\/style><h2 class=\"elementor-heading-title elementor-size-default\">QUEM SOMOS<\/h2>\t\t<\/div>\n\t\t\t\t<\/div>\n\t\t<\/div><div class=\"elementor-element elementor-element-9100e88 e-container--column e-container\" data-id=\"9100e88\" data-element_type=\"container\" data-settings=\"{&quot;background_background&quot;:&quot;classic&quot;}\">\t\t\t\t<div class=\"elementor-element elementor-element-baadf8a elementor-widget elementor-widget-text-editor\" data-id=\"baadf8a\" data-element_type=\"widget\" data-widget_type=\"text-editor.default\">\n\t\t\t\t<div class=\"elementor-widget-container\">\n\t\t\t<style>\/*! elementor - v3.7.0 - 08-08-2022 *\/\n.elementor-widget-text-editor.elementor-drop-cap-view-stacked .elementor-drop-cap{background-color:#818a91;color:#fff}.elementor-widget-text-editor.elementor-drop-cap-view-framed .elementor-drop-cap{color:#818a91;border:3px solid;background-color:transparent}.elementor-widget-text-editor:not(.elementor-drop-cap-view-default) .elementor-drop-cap{margin-top:8px}.elementor-widget-text-editor:not(.elementor-drop-cap-view-default) .elementor-drop-cap-letter{width:1em;height:1em}.elementor-widget-text-editor .elementor-drop-cap{float:left;text-align:center;line-height:1;font-size:50px}.elementor-widget-text-editor .elementor-drop-cap-letter{display:inline-block}<\/style>\t\t\t\t<p><b>A Desocupa R\u00e1pido nasceu com o prop\u00f3sito de DESCOMPLICAR o processo de desocupa\u00e7\u00e3o dos im\u00f3veis, proporcionando uma experi\u00eancia tranquila e fluida para todos os envolvidos. Identificamos que para o inquilino sempre foi uma dor de cabe\u00e7a contratar diversos prestadores para realizar a entrega do im\u00f3vel, ainda por diversas vezes com retrabalho e desperd\u00edcio de tempo e dinheiro ao refazer os reparos n\u00e3o aceitos em vistoria.<\/b><\/p>\n<p><b>Dessa forma, criamos a solu\u00e7\u00e3o ideal para o inquilino realizar todos os reparos sem&nbsp; precisar se envolver.&nbsp;<\/b><\/p>\n<p><b>Nosso intuito \u00e9 facilitar a rela\u00e7\u00e3o entre inquilino-propriet\u00e1rio-imobili\u00e1ria ao criar a solu\u00e7\u00e3o perfeita para todos: para o inquilino, porque resolve todos os servi\u00e7os com um \u00fanico s\u00f3 prestador sem dor de cabe\u00e7a; para o propriet\u00e1rio, pois ter\u00e1 a garantia de reparos bem feitos com materiais de qualidade; e para a imobili\u00e1ria com a garantia de servi\u00e7os de qualidade, clientes satisfeitos e retorno r\u00e1pido do im\u00f3vel a oferta.&nbsp;<\/b><\/p>\t\t\t\t\t\t<\/div>\n\t\t\t\t<\/div>\n\t\t<\/div><div class=\"elementor-element elementor-element-2fa5c52 e-container--column e-container\" data-id=\"2fa5c52\" data-element_type=\"container\" data-settings=\"{&quot;background_background&quot;:&quot;classic&quot;}\">\t\t\t\t<div class=\"elementor-element elementor-element-6b5ee13 elementor-widget elementor-widget-heading\" data-id=\"6b5ee13\" data-element_type=\"widget\" data-widget_type=\"heading.default\">\n\t\t\t\t<div class=\"elementor-widget-container\">\n\t\t\t<h2 class=\"elementor-heading-title elementor-size-default\">Valores inegoci\u00e1veis, na Desocupa R\u00e1pido acreditamos em:<\/h2>\t\t<\/div>\n\t\t\t\t<\/div>\n\t\t<\/div><div class=\"elementor-element elementor-element-ac6d333 e-container--row e-container\" data-id=\"ac6d333\" data-element_type=\"container\" data-settings=\"{&quot;background_background&quot;:&quot;classic&quot;}\">\t\t<div class=\"elementor-element elementor-element-ee3db9e e-container--column e-container\" data-id=\"ee3db9e\" data-element_type=\"container\">\t\t\t\t<div class=\"elementor-element elementor-element-9d67705 elementor-widget elementor-widget-image\" data-id=\"9d67705\" data-element_type=\"widget\" data-widget_type=\"image.default\">\n\t\t\t\t<div class=\"elementor-widget-container\">\n\t\t\t<style>\/*! elementor - v3.7.0 - 08-08-2022 *\/\n.elementor-widget-image{text-align:center}.elementor-widget-image a{display:inline-block}.elementor-widget-image a img[src$=\".svg\"]{width:48px}.elementor-widget-image img{vertical-align:middle;display:inline-block}<\/style>\t\t\t\t\t\t\t\t\t\t\t\t<img width=\"64\" height=\"64\" src=\"https:\/\/desocuparapido.com.br\/wp-content\/uploads\/2022\/08\/display.png\" class=\"attachment-full size-full\" alt=\"\" loading=\"lazy\" \/>\t\t\t\t\t\t\t\t\t\t\t\t\t\t\t<\/div>\n\t\t\t\t<\/div>\n\t\t\t\t<div class=\"elementor-element elementor-element-8e1ad08 elementor-widget elementor-widget-heading\" data-id=\"8e1ad08\" data-element_type=\"widget\" data-widget_type=\"heading.default\">\n\t\t\t\t<div class=\"elementor-widget-container\">\n\t\t\t<h2 class=\"elementor-heading-title elementor-size-default\">Transpar\u00eancia\n<\/h2>\t\t<\/div>\n\t\t\t\t<\/div>\n\t\t<\/div><div class=\"elementor-element elementor-element-7d835fb e-container--column e-container\" data-id=\"7d835fb\" data-element_type=\"container\">\t\t\t\t<div class=\"elementor-element elementor-element-284f4b2 elementor-widget elementor-widget-image\" data-id=\"284f4b2\" data-element_type=\"widget\" data-widget_type=\"image.default\">\n\t\t\t\t<div class=\"elementor-widget-container\">\n\t\t\t\t\t\t\t\t\t\t\t\t\t\t\t<img width=\"64\" height=\"64\" src=\"https:\/\/desocuparapido.com.br\/wp-content\/uploads\/2022\/08\/quality.png\" class=\"attachment-full size-full\" alt=\"\" loading=\"lazy\" \/>\t\t\t\t\t\t\t\t\t\t\t\t\t\t\t<\/div>\n\t\t\t\t<\/div>\n\t\t\t\t<div class=\"elementor-element elementor-element-8bd141d elementor-widget elementor-widget-heading\" data-id=\"8bd141d\" data-element_type=\"widget\" data-widget_type=\"heading.default\">\n\t\t\t\t<div class=\"elementor-widget-container\">\n\t\t\t<h2 class=\"elementor-heading-title elementor-size-default\">Qualidade<\/h2>\t\t<\/div>\n\t\t\t\t<\/div>\n\t\t<\/div><div class=\"elementor-element elementor-element-57175c2 e-container--column e-container\" data-id=\"57175c2\" data-element_type=\"container\">\t\t\t\t<div class=\"elementor-element elementor-element-677bc15 elementor-widget elementor-widget-image\" data-id=\"677bc15\" data-element_type=\"widget\" data-widget_type=\"image.default\">\n\t\t\t\t<div class=\"elementor-widget-container\">\n\t\t\t\t\t\t\t\t\t\t\t\t\t\t\t<img width=\"64\" height=\"64\" src=\"https:\/\/desocuparapido.com.br\/wp-content\/uploads\/2022\/08\/commitment.png\" class=\"attachment-full size-full\" alt=\"\" loading=\"lazy\" \/>\t\t\t\t\t\t\t\t\t\t\t\t\t\t\t<\/div>\n\t\t\t\t<\/div>\n\t\t\t\t<div class=\"elementor-element elementor-element-3d9855d elementor-widget elementor-widget-heading\" data-id=\"3d9855d\" data-element_type=\"widget\" data-widget_type=\"heading.default\">\n\t\t\t\t<div class=\"elementor-widget-container\">\n\t\t\t<h2 class=\"elementor-heading-title elementor-size-default\">Comprometimento<\/h2>\t\t<\/div>\n\t\t\t\t<\/div>\n\t\t<\/div><\/div>\t\t\t\t\t<\/div>\n\t\t","protected":false},"excerpt":{"rendered":"<p>QUEM SOMOS A Desocupa R\u00e1pido nasceu com o prop\u00f3sito de DESCOMPLICAR o processo de desocupa\u00e7\u00e3o dos im\u00f3veis, proporcionando uma experi\u00eancia tranquila e fluida para todos os envolvidos. Identificamos que para o inquilino sempre foi uma dor de cabe\u00e7a contratar diversos prestadores para realizar a entrega do im\u00f3vel, ainda por diversas vezes com retrabalho e desperd\u00edcio [&hellip;]<\/p>\n","protected":false},"author":1,"featured_media":0,"parent":0,"menu_order":0,"comment_status":"closed","ping_status":"closed","template":"","meta":[],"aioseo_notices":[],"_links":{"self":[{"href":"https:\/\/desocuparapido.com.br\/index.php?rest_route=\/wp\/v2\/pages\/13"}],"collection":[{"href":"https:\/\/desocuparapido.com.br\/index.php?rest_route=\/wp\/v2\/pages"}],"about":[{"href":"https:\/\/desocuparapido.com.br\/index.php?rest_route=\/wp\/v2\/types\/page"}],"author":[{"embeddable":true,"href":"https:\/\/desocuparapido.com.br\/index.php?rest_route=\/wp\/v2\/users\/1"}],"replies":[{"embeddable":true,"href":"https:\/\/desocuparapido.com.br\/index.php?rest_route=%2Fwp%2Fv2%2Fcomments&post=13"}],"version-history":[{"count":22,"href":"https:\/\/desocuparapido.com.br\/index.php?rest_route=\/wp\/v2\/pages\/13\/revisions"}],"predecessor-version":[{"id":444,"href":"https:\/\/desocuparapido.com.br\/index.php?rest_route=\/wp\/v2\/pages\/13\/revisions\/444"}],"wp:attachment":[{"href":"https:\/\/desocuparapido.com.br\/index.php?rest_route=%2Fwp%2Fv2%2Fmedia&parent=13"}],"curies":[{"name":"wp","href":"https:\/\/api.w.org\/{rel}","templated":true}]}}